{"id":337,"date":"2025-12-04T22:02:15","date_gmt":"2025-12-04T22:02:15","guid":{"rendered":"https:\/\/bonitahouse.ro\/index.php\/produs\/combo-crispy-shaorma-suc-doza\/"},"modified":"2026-03-21T15:50:30","modified_gmt":"2026-03-21T15:50:30","slug":"combo-crispy-shaorma-suc-doza","status":"publish","type":"product","link":"https:\/\/bonitahouse.ro\/index.php\/produs\/combo-crispy-shaorma-suc-doza\/","title":{"rendered":"Combo Crispy Shaorma + suc doza"},"content":{"rendered":"","protected":false},"excerpt":{"rendered":"","protected":false},"featured_media":338,"comment_status":"open","ping_status":"closed","template":"","meta":[],"product_brand":[],"product_cat":[31],"product_tag":[],"class_list":{"0":"post-337","1":"product","2":"type-product","3":"status-publish","4":"has-post-thumbnail","6":"product_cat-crispy-suc","8":"first","9":"instock","10":"shipping-taxable","11":"purchasable","12":"product-type-simple"},"exclude_global_add_ons":true,"addons":[{"name":"Alege Desert","type":"checkbox","position":0,"required":false,"title_format":"label","default":"","description_enable":false,"description":"","placeholder_enable":false,"placeholder":"","display":"select","restrictions_type":"any_text","adjust_price":true,"price":"","price_type":"flat_fee","restrictions":false,"min":"0","max":"3","options":[{"label":"Pl\u0103cinta casei cu br\u00e2nz\u0103 dulce \u0219i stafide","price":"8","price_type":"flat_fee","image":0,"visibility":true},{"label":"Pl\u0103cinta casei cu mere","price":"8","price_type":"flat_fee","image":0,"visibility":true},{"label":"Pl\u0103cint\u0103 vi\u0219ine","price":"8","price_type":"flat_fee","image":0,"visibility":true}]}],"_links":{"self":[{"href":"https:\/\/bonitahouse.ro\/index.php\/wp-json\/wp\/v2\/product\/337","targetHints":{"allow":["GET"]}}],"collection":[{"href":"https:\/\/bonitahouse.ro\/index.php\/wp-json\/wp\/v2\/product"}],"about":[{"href":"https:\/\/bonitahouse.ro\/index.php\/wp-json\/wp\/v2\/types\/product"}],"replies":[{"embeddable":true,"href":"https:\/\/bonitahouse.ro\/index.php\/wp-json\/wp\/v2\/comments?post=337"}],"wp:featuredmedia":[{"embeddable":true,"href":"https:\/\/bonitahouse.ro\/index.php\/wp-json\/wp\/v2\/media\/338"}],"wp:attachment":[{"href":"https:\/\/bonitahouse.ro\/index.php\/wp-json\/wp\/v2\/media?parent=337"}],"wp:term":[{"taxonomy":"product_brand","embeddable":true,"href":"https:\/\/bonitahouse.ro\/index.php\/wp-json\/wp\/v2\/product_brand?post=337"},{"taxonomy":"product_cat","embeddable":true,"href":"https:\/\/bonitahouse.ro\/index.php\/wp-json\/wp\/v2\/product_cat?post=337"},{"taxonomy":"product_tag","embeddable":true,"href":"https:\/\/bonitahouse.ro\/index.php\/wp-json\/wp\/v2\/product_tag?post=337"}],"curies":[{"name":"wp","href":"https:\/\/api.w.org\/{rel}","templated":true}]}}