{"id":181,"date":"2025-12-04T21:05:21","date_gmt":"2025-12-04T21:05:21","guid":{"rendered":"https:\/\/bonitahouse.ro\/index.php\/produs\/apa-minerala-la-doza-aqua-carpatica-330ml\/"},"modified":"2026-03-19T14:52:20","modified_gmt":"2026-03-19T14:52:20","slug":"apa-minerala-la-doza-aqua-carpatica-330ml","status":"publish","type":"product","link":"https:\/\/bonitahouse.ro\/index.php\/produs\/apa-minerala-la-doza-aqua-carpatica-330ml\/","title":{"rendered":"Ap\u0103 mineral\u0103 la doz\u0103 Aqua Carpatica 330ml"},"content":{"rendered":"","protected":false},"excerpt":{"rendered":"","protected":false},"featured_media":182,"comment_status":"open","ping_status":"closed","template":"","meta":[],"product_brand":[],"product_cat":[18],"product_tag":[],"class_list":{"0":"post-181","1":"product","2":"type-product","3":"status-publish","4":"has-post-thumbnail","6":"product_cat-racoritoare","8":"first","9":"instock","10":"shipping-taxable","11":"purchasable","12":"product-type-simple"},"exclude_global_add_ons":true,"addons":[{"name":"Taxa SGR","type":"multiple_choice","position":0,"required":true,"title_format":"label","default":"","description_enable":false,"description":"","placeholder_enable":false,"placeholder":"","display":"radiobutton","restrictions_type":"any_text","adjust_price":true,"price":"","price_type":"flat_fee","restrictions":false,"min":"1","max":"1","options":[{"label":"Taxa SGR","price":"0.5","price_type":"flat_fee","image":0,"visibility":true}]}],"_links":{"self":[{"href":"https:\/\/bonitahouse.ro\/index.php\/wp-json\/wp\/v2\/product\/181","targetHints":{"allow":["GET"]}}],"collection":[{"href":"https:\/\/bonitahouse.ro\/index.php\/wp-json\/wp\/v2\/product"}],"about":[{"href":"https:\/\/bonitahouse.ro\/index.php\/wp-json\/wp\/v2\/types\/product"}],"replies":[{"embeddable":true,"href":"https:\/\/bonitahouse.ro\/index.php\/wp-json\/wp\/v2\/comments?post=181"}],"wp:featuredmedia":[{"embeddable":true,"href":"https:\/\/bonitahouse.ro\/index.php\/wp-json\/wp\/v2\/media\/182"}],"wp:attachment":[{"href":"https:\/\/bonitahouse.ro\/index.php\/wp-json\/wp\/v2\/media?parent=181"}],"wp:term":[{"taxonomy":"product_brand","embeddable":true,"href":"https:\/\/bonitahouse.ro\/index.php\/wp-json\/wp\/v2\/product_brand?post=181"},{"taxonomy":"product_cat","embeddable":true,"href":"https:\/\/bonitahouse.ro\/index.php\/wp-json\/wp\/v2\/product_cat?post=181"},{"taxonomy":"product_tag","embeddable":true,"href":"https:\/\/bonitahouse.ro\/index.php\/wp-json\/wp\/v2\/product_tag?post=181"}],"curies":[{"name":"wp","href":"https:\/\/api.w.org\/{rel}","templated":true}]}}