{"id":121,"date":"2025-12-04T20:44:26","date_gmt":"2025-12-04T20:44:26","guid":{"rendered":"https:\/\/bonitahouse.ro\/index.php\/produs\/mirinda-500ml\/"},"modified":"2026-03-21T15:51:04","modified_gmt":"2026-03-21T15:51:04","slug":"mirinda-500ml","status":"publish","type":"product","link":"https:\/\/bonitahouse.ro\/index.php\/produs\/mirinda-500ml\/","title":{"rendered":"Mirinda 500ml"},"content":{"rendered":"<p>B\u0103utur\u0103 r\u0103coritoare carbogazoas\u0103 (500 ml). Alergeni\/ingrediente \u0219i valori nutri\u021bionale: conform etichetei produsului.<\/p>\n","protected":false},"excerpt":{"rendered":"<p>B\u0103utur\u0103 r\u0103coritoare carbogazoas\u0103 (500 ml). Alergeni\/ingrediente \u0219i valori nutri\u021bionale: conform etichetei produsului.<\/p>\n","protected":false},"featured_media":122,"comment_status":"open","ping_status":"closed","template":"","meta":[],"product_brand":[],"product_cat":[18],"product_tag":[],"class_list":{"0":"post-121","1":"product","2":"type-product","3":"status-publish","4":"has-post-thumbnail","6":"product_cat-racoritoare","8":"first","9":"instock","10":"shipping-taxable","11":"purchasable","12":"product-type-simple"},"exclude_global_add_ons":true,"addons":[{"name":"Taxa SGR","type":"multiple_choice","position":0,"required":true,"title_format":"label","default":"","description_enable":false,"description":"","placeholder_enable":false,"placeholder":"","display":"radiobutton","restrictions_type":"any_text","adjust_price":true,"price":"","price_type":"flat_fee","restrictions":false,"min":"1","max":"1","options":[{"label":"Taxa SGR","price":"0.5","price_type":"flat_fee","image":0,"visibility":true}]}],"_links":{"self":[{"href":"https:\/\/bonitahouse.ro\/index.php\/wp-json\/wp\/v2\/product\/121","targetHints":{"allow":["GET"]}}],"collection":[{"href":"https:\/\/bonitahouse.ro\/index.php\/wp-json\/wp\/v2\/product"}],"about":[{"href":"https:\/\/bonitahouse.ro\/index.php\/wp-json\/wp\/v2\/types\/product"}],"replies":[{"embeddable":true,"href":"https:\/\/bonitahouse.ro\/index.php\/wp-json\/wp\/v2\/comments?post=121"}],"wp:featuredmedia":[{"embeddable":true,"href":"https:\/\/bonitahouse.ro\/index.php\/wp-json\/wp\/v2\/media\/122"}],"wp:attachment":[{"href":"https:\/\/bonitahouse.ro\/index.php\/wp-json\/wp\/v2\/media?parent=121"}],"wp:term":[{"taxonomy":"product_brand","embeddable":true,"href":"https:\/\/bonitahouse.ro\/index.php\/wp-json\/wp\/v2\/product_brand?post=121"},{"taxonomy":"product_cat","embeddable":true,"href":"https:\/\/bonitahouse.ro\/index.php\/wp-json\/wp\/v2\/product_cat?post=121"},{"taxonomy":"product_tag","embeddable":true,"href":"https:\/\/bonitahouse.ro\/index.php\/wp-json\/wp\/v2\/product_tag?post=121"}],"curies":[{"name":"wp","href":"https:\/\/api.w.org\/{rel}","templated":true}]}}